{"id":3,"date":"2025-10-31T09:44:41","date_gmt":"2025-10-31T09:44:41","guid":{"rendered":"https:\/\/atelierduvegetal.fr\/fr\/?page_id=3"},"modified":"2026-02-05T17:41:23","modified_gmt":"2026-02-05T17:41:23","slug":"privacy-policy","status":"publish","type":"page","link":"https:\/\/atelierduvegetal.fr\/fr\/privacy-policy\/","title":{"rendered":"Privacy Policy"},"content":{"rendered":"\t\t<div data-elementor-type=\"wp-page\" data-elementor-id=\"3\" class=\"elementor elementor-3\" data-elementor-post-type=\"page\">\n\t\t\t\t<div class=\"elementor-element elementor-element-5193ecd6 e-flex e-con-boxed e-con e-parent\" data-id=\"5193ecd6\" data-element_type=\"container\" data-e-type=\"container\" data-settings=\"{&quot;background_background&quot;:&quot;classic&quot;}\">\n\t\t\t\t\t<div class=\"e-con-inner\">\n\t\t\t\t<div class=\"elementor-element elementor-element-1de33e0 elementor-widget elementor-widget-heading\" data-id=\"1de33e0\" data-element_type=\"widget\" data-e-type=\"widget\" data-widget_type=\"heading.default\">\n\t\t\t\t\t<h1 class=\"elementor-heading-title elementor-size-default\">Mentions l\u00e9gales<\/h1>\t\t\t\t<\/div>\n\t\t\t\t<div class=\"elementor-element elementor-element-7341958 elementor-widget elementor-widget-heading\" data-id=\"7341958\" data-element_type=\"widget\" data-e-type=\"widget\" data-widget_type=\"heading.default\">\n\t\t\t\t\t<h2 class=\"elementor-heading-title elementor-size-default\">Identit\u00e9 de l'entreprise<\/h2>\t\t\t\t<\/div>\n\t\t\t\t<div class=\"elementor-element elementor-element-2d6ada0d elementor-widget elementor-widget-text-editor\" data-id=\"2d6ada0d\" data-element_type=\"widget\" data-e-type=\"widget\" data-widget_type=\"text-editor.default\">\n\t\t\t\t\t\t\t\t\t<p><span style=\"font-weight: 400;\">Le blog et le site internet appartiennent \u00e0 la soci\u00e9t\u00e9 <\/span><b>Atelier du V\u00e9g\u00e9tal<\/b><span style=\"font-weight: 400;\"> dont le si\u00e8ge social est situ\u00e9 au 21 RUE DU PERE, 17180 PERIGNY<\/span><span style=\"font-weight: 400;\"> porte le num\u00e9ro de SIRET : 50482559700033<\/span><\/p>\n<p>Atelier du V\u00e9g\u00e9tal<span style=\"font-weight: 400;\"> est une SAS<\/span><span style=\"font-weight: 400;\">\u00a0inscrite au Registre du Commerce et des Soci\u00e9t\u00e9 de <\/span>La Rochelle<span style=\"font-weight: 400;\"> sous le num\u00e9ro 504825597<\/span><span style=\"font-weight: 400;\">. Le capital social de l&rsquo;entreprise est de <\/span>304 000<span style=\"font-weight: 400;\"> euros.\u00a0<\/span><\/p>\n<p><span style=\"font-weight: 400;\">Le directeur de la publication<\/span><span style=\"font-weight: 400;\">, peut \u00eatre contact\u00e9 via l\u2019adresse \u00e9lectronique, <\/span><b>contact@atelierduvegetal.fr<\/b><\/p>\t\t\t\t\t\t\t\t<\/div>\n\t\t\t\t<div class=\"elementor-element elementor-element-cd4f86e elementor-widget elementor-widget-heading\" data-id=\"cd4f86e\" data-element_type=\"widget\" data-e-type=\"widget\" data-widget_type=\"heading.default\">\n\t\t\t\t\t<h2 class=\"elementor-heading-title elementor-size-default\">H\u00e9bergement<\/h2>\t\t\t\t<\/div>\n\t\t\t\t<div class=\"elementor-element elementor-element-cfdbdbf elementor-widget elementor-widget-text-editor\" data-id=\"cfdbdbf\" data-element_type=\"widget\" data-e-type=\"widget\" data-widget_type=\"text-editor.default\">\n\t\t\t\t\t\t\t\t\t<p><span style=\"font-weight: 400;\">Le site internet <\/span>atelierduvegetal.fr<span style=\"font-weight: 400;\"> est h\u00e9berg\u00e9 par <\/span>OVH<span style=\"font-weight: 400;\"> dont le si\u00e8ge social se situe au 2 rue Kellermann, 59100 Roubaix.<\/span><\/p>\t\t\t\t\t\t\t\t<\/div>\n\t\t\t\t<div class=\"elementor-element elementor-element-207716d elementor-widget elementor-widget-heading\" data-id=\"207716d\" data-element_type=\"widget\" data-e-type=\"widget\" data-widget_type=\"heading.default\">\n\t\t\t\t\t<h2 class=\"elementor-heading-title elementor-size-default\">Description et qualit\u00e9 des contenus<\/h2>\t\t\t\t<\/div>\n\t\t\t\t<div class=\"elementor-element elementor-element-33703ec elementor-widget elementor-widget-text-editor\" data-id=\"33703ec\" data-element_type=\"widget\" data-e-type=\"widget\" data-widget_type=\"text-editor.default\">\n\t\t\t\t\t\t\t\t\t<p><span style=\"font-weight: 400;\">Le site internet <\/span>atelierduvegetal.fr<span style=\"font-weight: 400;\"> a pour ambition de proposer aux <\/span><b>architectes, ma\u00eetre d&rsquo;\u0153uvres, urbanistes<\/b><span style=\"font-weight: 400;\"> des solutions pour les aider \u00e0 <\/span><b>v\u00e9g\u00e9taliser leurs constructions de fa\u00e7on plus responsable<\/b><span style=\"font-weight: 400;\">.<\/span><\/p>\n<p><span style=\"font-weight: 400;\">Toute r\u00e9daction d&rsquo;article est soumise \u00e0 un travail pr\u00e9alable de recherches minutieuses et approfondies<\/span><span style=\"font-weight: 400;\">. Cependant, les donn\u00e9es et informations mises en ligne via la plateforme <\/span>atelierduvegetal.fr<span style=\"font-weight: 400;\"> et ses partenaires \u00e9tant sujettes \u00e0 des modifications et \u00e9volutions, <\/span>l&rsquo;Atelier du V\u00e9g\u00e9tal<span style=\"font-weight: 400;\">\u00a0d\u00e9cline toute responsabilit\u00e9 pour toute donn\u00e9e qui s\u2019av\u00e8rerait \u00eatre obsol\u00e8te, inexacte ou faisant d\u00e9faut. <\/span><\/p>\t\t\t\t\t\t\t\t<\/div>\n\t\t\t\t<div class=\"elementor-element elementor-element-0ecfa9c elementor-widget elementor-widget-heading\" data-id=\"0ecfa9c\" data-element_type=\"widget\" data-e-type=\"widget\" data-widget_type=\"heading.default\">\n\t\t\t\t\t<h2 class=\"elementor-heading-title elementor-size-default\">responsabilit\u00e9<\/h2>\t\t\t\t<\/div>\n\t\t\t\t<div class=\"elementor-element elementor-element-b0d80bc elementor-widget elementor-widget-text-editor\" data-id=\"b0d80bc\" data-element_type=\"widget\" data-e-type=\"widget\" data-widget_type=\"text-editor.default\">\n\t\t\t\t\t\t\t\t\t<p>L&rsquo;atelier du V\u00e9g\u00e9tal<span style=\"font-weight: 400;\"> d\u00e9cline toute responsabilit\u00e9 pour toute donn\u00e9e qui s&rsquo;av\u00e8re \u00eatre obsol\u00e8te, inexacte ou faisant d\u00e9faut.\u00a0<\/span><\/p>\n<p><span style=\"font-weight: 400;\">Il ne pourra \u00e9galement \u00eatre tenu responsable de toutes interruptions, inaccessibilit\u00e9s, dysfonctionnements ou plus g\u00e9n\u00e9ralement de tout dommage direct ou indirect, occasionn\u00e9 par l\u2019utilisation ou la consultation du site internet ou de tout autre service propos\u00e9.Cela qu\u2019elle que puisse en \u00eatre les causes, l\u2019origine, les cons\u00e9quences ou la nature. <\/span><\/p>\t\t\t\t\t\t\t\t<\/div>\n\t\t\t\t<div class=\"elementor-element elementor-element-6f11f9d elementor-widget elementor-widget-heading\" data-id=\"6f11f9d\" data-element_type=\"widget\" data-e-type=\"widget\" data-widget_type=\"heading.default\">\n\t\t\t\t\t<h2 class=\"elementor-heading-title elementor-size-default\">Droit d'auteur et droit de propri\u00e9t\u00e9 intellectuelle<\/h2>\t\t\t\t<\/div>\n\t\t\t\t<div class=\"elementor-element elementor-element-c51d958 elementor-widget elementor-widget-text-editor\" data-id=\"c51d958\" data-element_type=\"widget\" data-e-type=\"widget\" data-widget_type=\"text-editor.default\">\n\t\t\t\t\t\t\t\t\t<p><span style=\"font-weight: 400;\">L\u2019int\u00e9gralit\u00e9 de ce site internet est assujettie \u00e0 la l\u00e9gislation fran\u00e7aise et internationale sur le droit d\u2019auteur et la propri\u00e9t\u00e9 intellectuelle.<\/span><\/p>\n<p><span style=\"font-weight: 400;\">La reproduction totale ou partielle de ce site ou son contenu est prohib\u00e9 sauf autorisation directe du Directeur de la publication, <\/span><span style=\"font-weight: 400;\">L&rsquo;Atelier du V\u00e9g\u00e9tal.<\/span><\/p>\n<p><span style=\"font-weight: 400;\">Toute copie, reproduction, repr\u00e9sentation, diffusion, modification ou traduction partielle ou totale, est selon les dispositions du Code de la Propri\u00e9t\u00e9 Intellectuelle et des trait\u00e9s et accords internationaux, interdite sans l\u2019autorisation expresse de <\/span><span style=\"font-weight: 400;\">l&rsquo;Atelier du V\u00e9g\u00e9tal.<\/span><\/p>\t\t\t\t\t\t\t\t<\/div>\n\t\t\t\t<div class=\"elementor-element elementor-element-6395c59 elementor-widget elementor-widget-heading\" data-id=\"6395c59\" data-element_type=\"widget\" data-e-type=\"widget\" data-widget_type=\"heading.default\">\n\t\t\t\t\t<h2 class=\"elementor-heading-title elementor-size-default\">Droit d'auteur et droit de propri\u00e9t\u00e9 intellectuelle<\/h2>\t\t\t\t<\/div>\n\t\t\t\t<div class=\"elementor-element elementor-element-91be518 elementor-widget elementor-widget-text-editor\" data-id=\"91be518\" data-element_type=\"widget\" data-e-type=\"widget\" data-widget_type=\"text-editor.default\">\n\t\t\t\t\t\t\t\t\t<h4 style=\"color: #ffffff;\"><b>Utilisation, droit d\u2019acc\u00e8s et de modification aux donn\u00e9es personnelles recueillies par <\/b><b>L&rsquo;atelier du V\u00e9g\u00e9tal.<\/b><\/h4>\n<p><span style=\"font-weight: 400;\">Les donn\u00e9es personnelles recueillies sur le site internet <\/span>atelierduv\u00e9g\u00e9tal.fr<span style=\"font-weight: 400;\"> r\u00e9sultent de la communication volontaire d&rsquo;une adresse de courrier \u00e9lectronique lors du d\u00e9p\u00f4t d&rsquo;un message \u00e9lectronique. Les adresses e-mail ainsi recueillies ne servent qu&rsquo;\u00e0 transmettre les \u00e9l\u00e9ments d&rsquo;information demand\u00e9s.<\/span><\/p>\n<p><span style=\"font-weight: 400;\">Les adresses \u00e9lectroniques collect\u00e9es ne feront l&rsquo;objet d&rsquo;aucune cession \u00e0 des tiers.<\/span><\/p>\n<p><span style=\"font-weight: 400;\">Les donn\u00e9es de trafic ont uniquement pour finalit\u00e9 de permettre d&rsquo;analyser la fr\u00e9quentation des pages d&rsquo;information sur site internet afin d&rsquo;en am\u00e9liorer le contenu.\u00a0<\/span><\/p>\n<p><span style=\"font-weight: 400;\">Les donn\u00e9es relatives \u00e0 la navigation des visiteurs ne sont pas exploit\u00e9es nominativement. Il s&rsquo;agit de statistiques agr\u00e9g\u00e9es permettant de conna\u00eetre les pages les plus et les moins populaires, les chemins pr\u00e9f\u00e9r\u00e9s, les niveaux d&rsquo;activit\u00e9 par jour de la semaine et par heure de la journ\u00e9e, les principales erreurs clients ou serveur\u2026<\/span><\/p>\n<p><span style=\"font-weight: 400;\">Conform\u00e9ment \u00e0 l&rsquo;article 34 de la loi 78-17 du 6 janvier 1978 relative \u00e0 l&rsquo;information, aux fichiers et aux libert\u00e9s, vous disposez d&rsquo;un droit d&rsquo;acc\u00e8s et de rectification de vos donn\u00e9es nominatives.<\/span><\/p>\n<p><span style=\"font-weight: 400;\">Pour exercer vos droits ou pour toute information concernant vos donn\u00e9es personnelles, vous pouvez nous contacter par courrier \u00e0 l&rsquo;adresse suivante :<\/span><\/p>\n<p>21 RUE DU PERE, 17180 PERIGNY<\/p>\n<p><span style=\"font-weight: 400;\">Ou par email \u00e0 l\u2019adresse suivante: <\/span>contact@atelierduvegetal.fr<\/p>\n<h4 style=\"color: #ffffff;\"><b>Traitement des donn\u00e9es personnelles en conformit\u00e9 avec le R\u00e8glement G\u00e9n\u00e9ral sur la Protection des Donn\u00e9es<\/b><\/h4>\n<p><span style=\"font-weight: 400;\">Le site internet <\/span><span style=\"font-weight: 400;\">atelierduvegetal.fr <\/span><span style=\"font-weight: 400;\">est g\u00e9r\u00e9 en toute conformit\u00e9 avec les dispositions du R\u00e8glement G\u00e9n\u00e9ral sur la Protection des Donn\u00e9es entre en vigueur le 25 Mai 2018. Les donn\u00e9es personnelles recueillies sur le site internet ne sont trait\u00e9es que pour les finalit\u00e9s pr\u00e9sent\u00e9es sur les formulaires de collecte et ne sont transmises qu\u2019aux services charges de r\u00e9aliser les traitements concern\u00e9s. Les donn\u00e9es personnelles, dont les adresses \u00e9lectroniques sont collect\u00e9es, ne feront l&rsquo;objet d&rsquo;aucune cession \u00e0 des tiers. Les donn\u00e9es de trafic ont uniquement pour finalit\u00e9 de nous permettre d&rsquo;analyser la fr\u00e9quentation de nos pages d&rsquo;information afin d&rsquo;en am\u00e9liorer le contenu.<\/span><\/p>\n<p><span style=\"font-weight: 400;\">Les r\u00e9clamations touchant \u00e0 la collecte ou au traitement de vos donn\u00e9es \u00e0 caract\u00e8re personnel pourront \u00eatre adress\u00e9es au service du D\u00e9l\u00e9gu\u00e9 \u00e0 la Protection des Donn\u00e9es, \u00e0 l\u2019adresse :<\/span><\/p>\n<p>21 RUE DU PERE, 17180 PERIGNY<\/p>\n<p><span style=\"font-weight: 400;\">Ou par email \u00e0 l\u2019adresse suivante: <\/span><b>contact@atelierduvegetal.fr<\/b><\/p>\n<p><span style=\"font-weight: 400;\">En cas de d\u00e9saccord persistant concernant vos donn\u00e9es, vous avez le droit de saisir la CNIL \u00e0 l\u2019adresse suivante :<\/span><\/p>\n<p><span style=\"font-weight: 400;\">Commission Nationale Informatique et Libert\u00e9s\u00a0<\/span><\/p>\n<p><span style=\"font-weight: 400;\">3, place de Fontenoy\u00a0<\/span><\/p>\n<p><span style=\"font-weight: 400;\">75007 Paris<\/span><\/p>\n<p><span style=\"font-weight: 400;\">Tel : 01 53 73 22 22<\/span><\/p>\n<p><span style=\"font-weight: 400;\">Ou en utilisant le lien suivant :<\/span><a href=\"https:\/\/www.cnil.fr\/fr\/vous-souhaitez-contacter-la-cnil\"><span style=\"font-weight: 400;\"> Contacter la CNIL<\/span><\/a><\/p>\t\t\t\t\t\t\t\t<\/div>\n\t\t\t\t\t<\/div>\n\t\t\t\t<\/div>\n\t\t\t\t<\/div>\n\t\t","protected":false},"excerpt":{"rendered":"<p>Mentions l\u00e9gales Identit\u00e9 de l&rsquo;entreprise Le blog et le site internet appartiennent \u00e0 la soci\u00e9t\u00e9 Atelier du V\u00e9g\u00e9tal dont le si\u00e8ge social est situ\u00e9 au 21 RUE DU PERE, 17180 PERIGNY porte le num\u00e9ro de SIRET : 50482559700033 Atelier du V\u00e9g\u00e9tal est une SAS\u00a0inscrite au Registre du Commerce et des Soci\u00e9t\u00e9 de La Rochelle sous [&hellip;]<\/p>\n","protected":false},"author":1,"featured_media":0,"parent":0,"menu_order":0,"comment_status":"closed","ping_status":"open","template":"","meta":{"footnotes":""},"class_list":["post-3","page","type-page","status-publish","hentry"],"yoast_head":"<!-- This site is optimized with the Yoast SEO plugin v26.6 - https:\/\/yoast.com\/wordpress\/plugins\/seo\/ -->\n<title>Privacy Policy - Atelier du v\u00e9g\u00e9tal<\/title>\n<meta name=\"robots\" content=\"index, follow, max-snippet:-1, max-image-preview:large, max-video-preview:-1\" \/>\n<link rel=\"canonical\" href=\"https:\/\/atelierduvegetal.fr\/fr\/privacy-policy\/\" \/>\n<meta property=\"og:locale\" content=\"fr_FR\" \/>\n<meta property=\"og:type\" content=\"article\" \/>\n<meta property=\"og:title\" content=\"Privacy Policy - Atelier du v\u00e9g\u00e9tal\" \/>\n<meta property=\"og:description\" content=\"Mentions l\u00e9gales Identit\u00e9 de l&rsquo;entreprise Le blog et le site internet appartiennent \u00e0 la soci\u00e9t\u00e9 Atelier du V\u00e9g\u00e9tal dont le si\u00e8ge social est situ\u00e9 au 21 RUE DU PERE, 17180 PERIGNY porte le num\u00e9ro de SIRET : 50482559700033 Atelier du V\u00e9g\u00e9tal est une SAS\u00a0inscrite au Registre du Commerce et des Soci\u00e9t\u00e9 de La Rochelle sous [&hellip;]\" \/>\n<meta property=\"og:url\" content=\"https:\/\/atelierduvegetal.fr\/fr\/privacy-policy\/\" \/>\n<meta property=\"og:site_name\" content=\"Atelier du v\u00e9g\u00e9tal\" \/>\n<meta property=\"article:modified_time\" content=\"2026-02-05T17:41:23+00:00\" \/>\n<meta name=\"twitter:card\" content=\"summary_large_image\" \/>\n<meta name=\"twitter:label1\" content=\"Dur\u00e9e de lecture estim\u00e9e\" \/>\n\t<meta name=\"twitter:data1\" content=\"4 minutes\" \/>\n<script type=\"application\/ld+json\" class=\"yoast-schema-graph\">{\"@context\":\"https:\/\/schema.org\",\"@graph\":[{\"@type\":\"WebPage\",\"@id\":\"https:\/\/atelierduvegetal.fr\/fr\/privacy-policy\/\",\"url\":\"https:\/\/atelierduvegetal.fr\/fr\/privacy-policy\/\",\"name\":\"Privacy Policy - Atelier du v\u00e9g\u00e9tal\",\"isPartOf\":{\"@id\":\"https:\/\/atelierduvegetal.fr\/fr\/#website\"},\"datePublished\":\"2025-10-31T09:44:41+00:00\",\"dateModified\":\"2026-02-05T17:41:23+00:00\",\"breadcrumb\":{\"@id\":\"https:\/\/atelierduvegetal.fr\/fr\/privacy-policy\/#breadcrumb\"},\"inLanguage\":\"fr-FR\",\"potentialAction\":[{\"@type\":\"ReadAction\",\"target\":[\"https:\/\/atelierduvegetal.fr\/fr\/privacy-policy\/\"]}]},{\"@type\":\"BreadcrumbList\",\"@id\":\"https:\/\/atelierduvegetal.fr\/fr\/privacy-policy\/#breadcrumb\",\"itemListElement\":[{\"@type\":\"ListItem\",\"position\":1,\"name\":\"Accueil\",\"item\":\"https:\/\/atelierduvegetal.fr\/fr\/\"},{\"@type\":\"ListItem\",\"position\":2,\"name\":\"Privacy Policy\"}]},{\"@type\":\"WebSite\",\"@id\":\"https:\/\/atelierduvegetal.fr\/fr\/#website\",\"url\":\"https:\/\/atelierduvegetal.fr\/fr\/\",\"name\":\"Atelier du v\u00e9g\u00e9tal\",\"description\":\"Construire la ville de demain avec ce que l&#039;on jette aujourd&#039;hui\",\"publisher\":{\"@id\":\"https:\/\/atelierduvegetal.fr\/fr\/#organization\"},\"potentialAction\":[{\"@type\":\"SearchAction\",\"target\":{\"@type\":\"EntryPoint\",\"urlTemplate\":\"https:\/\/atelierduvegetal.fr\/fr\/?s={search_term_string}\"},\"query-input\":{\"@type\":\"PropertyValueSpecification\",\"valueRequired\":true,\"valueName\":\"search_term_string\"}}],\"inLanguage\":\"fr-FR\"},{\"@type\":\"Organization\",\"@id\":\"https:\/\/atelierduvegetal.fr\/fr\/#organization\",\"name\":\"Atelier du v\u00e9g\u00e9tal\",\"url\":\"https:\/\/atelierduvegetal.fr\/fr\/\",\"logo\":{\"@type\":\"ImageObject\",\"inLanguage\":\"fr-FR\",\"@id\":\"https:\/\/atelierduvegetal.fr\/fr\/#\/schema\/logo\/image\/\",\"url\":\"https:\/\/atelierduvegetal.fr\/fr\/wp-content\/uploads\/2025\/10\/LOGO_BLEU.svg\",\"contentUrl\":\"https:\/\/atelierduvegetal.fr\/fr\/wp-content\/uploads\/2025\/10\/LOGO_BLEU.svg\",\"width\":88,\"height\":53,\"caption\":\"Atelier du v\u00e9g\u00e9tal\"},\"image\":{\"@id\":\"https:\/\/atelierduvegetal.fr\/fr\/#\/schema\/logo\/image\/\"}}]}<\/script>\n<!-- \/ Yoast SEO plugin. -->","yoast_head_json":{"title":"Privacy Policy - Atelier du v\u00e9g\u00e9tal","robots":{"index":"index","follow":"follow","max-snippet":"max-snippet:-1","max-image-preview":"max-image-preview:large","max-video-preview":"max-video-preview:-1"},"canonical":"https:\/\/atelierduvegetal.fr\/fr\/privacy-policy\/","og_locale":"fr_FR","og_type":"article","og_title":"Privacy Policy - Atelier du v\u00e9g\u00e9tal","og_description":"Mentions l\u00e9gales Identit\u00e9 de l&rsquo;entreprise Le blog et le site internet appartiennent \u00e0 la soci\u00e9t\u00e9 Atelier du V\u00e9g\u00e9tal dont le si\u00e8ge social est situ\u00e9 au 21 RUE DU PERE, 17180 PERIGNY porte le num\u00e9ro de SIRET : 50482559700033 Atelier du V\u00e9g\u00e9tal est une SAS\u00a0inscrite au Registre du Commerce et des Soci\u00e9t\u00e9 de La Rochelle sous [&hellip;]","og_url":"https:\/\/atelierduvegetal.fr\/fr\/privacy-policy\/","og_site_name":"Atelier du v\u00e9g\u00e9tal","article_modified_time":"2026-02-05T17:41:23+00:00","twitter_card":"summary_large_image","twitter_misc":{"Dur\u00e9e de lecture estim\u00e9e":"4 minutes"},"schema":{"@context":"https:\/\/schema.org","@graph":[{"@type":"WebPage","@id":"https:\/\/atelierduvegetal.fr\/fr\/privacy-policy\/","url":"https:\/\/atelierduvegetal.fr\/fr\/privacy-policy\/","name":"Privacy Policy - Atelier du v\u00e9g\u00e9tal","isPartOf":{"@id":"https:\/\/atelierduvegetal.fr\/fr\/#website"},"datePublished":"2025-10-31T09:44:41+00:00","dateModified":"2026-02-05T17:41:23+00:00","breadcrumb":{"@id":"https:\/\/atelierduvegetal.fr\/fr\/privacy-policy\/#breadcrumb"},"inLanguage":"fr-FR","potentialAction":[{"@type":"ReadAction","target":["https:\/\/atelierduvegetal.fr\/fr\/privacy-policy\/"]}]},{"@type":"BreadcrumbList","@id":"https:\/\/atelierduvegetal.fr\/fr\/privacy-policy\/#breadcrumb","itemListElement":[{"@type":"ListItem","position":1,"name":"Accueil","item":"https:\/\/atelierduvegetal.fr\/fr\/"},{"@type":"ListItem","position":2,"name":"Privacy Policy"}]},{"@type":"WebSite","@id":"https:\/\/atelierduvegetal.fr\/fr\/#website","url":"https:\/\/atelierduvegetal.fr\/fr\/","name":"Atelier du v\u00e9g\u00e9tal","description":"Construire la ville de demain avec ce que l&#039;on jette aujourd&#039;hui","publisher":{"@id":"https:\/\/atelierduvegetal.fr\/fr\/#organization"},"potentialAction":[{"@type":"SearchAction","target":{"@type":"EntryPoint","urlTemplate":"https:\/\/atelierduvegetal.fr\/fr\/?s={search_term_string}"},"query-input":{"@type":"PropertyValueSpecification","valueRequired":true,"valueName":"search_term_string"}}],"inLanguage":"fr-FR"},{"@type":"Organization","@id":"https:\/\/atelierduvegetal.fr\/fr\/#organization","name":"Atelier du v\u00e9g\u00e9tal","url":"https:\/\/atelierduvegetal.fr\/fr\/","logo":{"@type":"ImageObject","inLanguage":"fr-FR","@id":"https:\/\/atelierduvegetal.fr\/fr\/#\/schema\/logo\/image\/","url":"https:\/\/atelierduvegetal.fr\/fr\/wp-content\/uploads\/2025\/10\/LOGO_BLEU.svg","contentUrl":"https:\/\/atelierduvegetal.fr\/fr\/wp-content\/uploads\/2025\/10\/LOGO_BLEU.svg","width":88,"height":53,"caption":"Atelier du v\u00e9g\u00e9tal"},"image":{"@id":"https:\/\/atelierduvegetal.fr\/fr\/#\/schema\/logo\/image\/"}}]}},"_links":{"self":[{"href":"https:\/\/atelierduvegetal.fr\/fr\/wp-json\/wp\/v2\/pages\/3","targetHints":{"allow":["GET"]}}],"collection":[{"href":"https:\/\/atelierduvegetal.fr\/fr\/wp-json\/wp\/v2\/pages"}],"about":[{"href":"https:\/\/atelierduvegetal.fr\/fr\/wp-json\/wp\/v2\/types\/page"}],"author":[{"embeddable":true,"href":"https:\/\/atelierduvegetal.fr\/fr\/wp-json\/wp\/v2\/users\/1"}],"replies":[{"embeddable":true,"href":"https:\/\/atelierduvegetal.fr\/fr\/wp-json\/wp\/v2\/comments?post=3"}],"version-history":[{"count":3,"href":"https:\/\/atelierduvegetal.fr\/fr\/wp-json\/wp\/v2\/pages\/3\/revisions"}],"predecessor-version":[{"id":459,"href":"https:\/\/atelierduvegetal.fr\/fr\/wp-json\/wp\/v2\/pages\/3\/revisions\/459"}],"wp:attachment":[{"href":"https:\/\/atelierduvegetal.fr\/fr\/wp-json\/wp\/v2\/media?parent=3"}],"curies":[{"name":"wp","href":"https:\/\/api.w.org\/{rel}","templated":true}]}}