{"id":104,"date":"2025-10-31T16:29:18","date_gmt":"2025-10-31T16:29:18","guid":{"rendered":"https:\/\/atelierduvegetal.fr\/fr\/?page_id=104"},"modified":"2026-01-05T07:04:20","modified_gmt":"2026-01-05T07:04:20","slug":"nous-contacter","status":"publish","type":"page","link":"https:\/\/atelierduvegetal.fr\/fr\/nous-contacter\/","title":{"rendered":"Nous contacter"},"content":{"rendered":"\t\t<div data-elementor-type=\"wp-page\" data-elementor-id=\"104\" class=\"elementor elementor-104\" data-elementor-post-type=\"page\">\n\t\t\t\t<div class=\"elementor-element elementor-element-79fefc2 e-flex e-con-boxed e-con e-parent\" data-id=\"79fefc2\" data-element_type=\"container\" data-e-type=\"container\" data-settings=\"{&quot;background_background&quot;:&quot;classic&quot;}\">\n\t\t\t\t\t<div class=\"e-con-inner\">\n\t\t<div class=\"elementor-element elementor-element-634ec80 e-con-full e-flex e-con e-child\" data-id=\"634ec80\" data-element_type=\"container\" data-e-type=\"container\">\n\t\t\t\t<div class=\"elementor-element elementor-element-a73d615 elementor-widget elementor-widget-heading\" data-id=\"a73d615\" data-element_type=\"widget\" data-e-type=\"widget\" data-widget_type=\"heading.default\">\n\t\t\t\t\t<h4 class=\"elementor-heading-title elementor-size-default\">atelier du v\u00e9g\u00e9tal<\/h4>\t\t\t\t<\/div>\n\t\t\t\t<div class=\"elementor-element elementor-element-4cc3271 elementor-widget elementor-widget-heading\" data-id=\"4cc3271\" data-element_type=\"widget\" data-e-type=\"widget\" data-widget_type=\"heading.default\">\n\t\t\t\t\t<h1 class=\"elementor-heading-title elementor-size-default\">Nous contacter<\/h1>\t\t\t\t<\/div>\n\t\t\t\t<\/div>\n\t\t\t\t\t<\/div>\n\t\t\t\t<\/div>\n\t\t\t\t<\/div>\n\t\t","protected":false},"excerpt":{"rendered":"<p>atelier du v\u00e9g\u00e9tal Nous contacter<\/p>\n","protected":false},"author":1,"featured_media":0,"parent":0,"menu_order":0,"comment_status":"closed","ping_status":"closed","template":"","meta":{"footnotes":""},"class_list":["post-104","page","type-page","status-publish","hentry"],"yoast_head":"<!-- This site is optimized with the Yoast SEO plugin v26.6 - https:\/\/yoast.com\/wordpress\/plugins\/seo\/ -->\n<title>Nous contacter - Atelier du v\u00e9g\u00e9tal<\/title>\n<meta name=\"robots\" content=\"index, follow, max-snippet:-1, max-image-preview:large, max-video-preview:-1\" \/>\n<link rel=\"canonical\" href=\"https:\/\/atelierduvegetal.fr\/fr\/nous-contacter\/\" \/>\n<meta property=\"og:locale\" content=\"fr_FR\" \/>\n<meta property=\"og:type\" content=\"article\" \/>\n<meta property=\"og:title\" content=\"Nous contacter - Atelier du v\u00e9g\u00e9tal\" \/>\n<meta property=\"og:description\" content=\"atelier du v\u00e9g\u00e9tal Nous contacter\" \/>\n<meta property=\"og:url\" content=\"https:\/\/atelierduvegetal.fr\/fr\/nous-contacter\/\" \/>\n<meta property=\"og:site_name\" content=\"Atelier du v\u00e9g\u00e9tal\" \/>\n<meta property=\"article:modified_time\" content=\"2026-01-05T07:04:20+00:00\" \/>\n<meta name=\"twitter:card\" content=\"summary_large_image\" \/>\n<meta name=\"twitter:label1\" content=\"Dur\u00e9e de lecture estim\u00e9e\" \/>\n\t<meta name=\"twitter:data1\" content=\"1 minute\" \/>\n<script type=\"application\/ld+json\" class=\"yoast-schema-graph\">{\"@context\":\"https:\/\/schema.org\",\"@graph\":[{\"@type\":\"WebPage\",\"@id\":\"https:\/\/atelierduvegetal.fr\/fr\/nous-contacter\/\",\"url\":\"https:\/\/atelierduvegetal.fr\/fr\/nous-contacter\/\",\"name\":\"Nous contacter - Atelier du v\u00e9g\u00e9tal\",\"isPartOf\":{\"@id\":\"https:\/\/atelierduvegetal.fr\/fr\/#website\"},\"datePublished\":\"2025-10-31T16:29:18+00:00\",\"dateModified\":\"2026-01-05T07:04:20+00:00\",\"breadcrumb\":{\"@id\":\"https:\/\/atelierduvegetal.fr\/fr\/nous-contacter\/#breadcrumb\"},\"inLanguage\":\"fr-FR\",\"potentialAction\":[{\"@type\":\"ReadAction\",\"target\":[\"https:\/\/atelierduvegetal.fr\/fr\/nous-contacter\/\"]}]},{\"@type\":\"BreadcrumbList\",\"@id\":\"https:\/\/atelierduvegetal.fr\/fr\/nous-contacter\/#breadcrumb\",\"itemListElement\":[{\"@type\":\"ListItem\",\"position\":1,\"name\":\"Accueil\",\"item\":\"https:\/\/atelierduvegetal.fr\/fr\/\"},{\"@type\":\"ListItem\",\"position\":2,\"name\":\"Nous contacter\"}]},{\"@type\":\"WebSite\",\"@id\":\"https:\/\/atelierduvegetal.fr\/fr\/#website\",\"url\":\"https:\/\/atelierduvegetal.fr\/fr\/\",\"name\":\"Atelier du v\u00e9g\u00e9tal\",\"description\":\"Construire la ville de demain avec ce que l&#039;on jette aujourd&#039;hui\",\"publisher\":{\"@id\":\"https:\/\/atelierduvegetal.fr\/fr\/#organization\"},\"potentialAction\":[{\"@type\":\"SearchAction\",\"target\":{\"@type\":\"EntryPoint\",\"urlTemplate\":\"https:\/\/atelierduvegetal.fr\/fr\/?s={search_term_string}\"},\"query-input\":{\"@type\":\"PropertyValueSpecification\",\"valueRequired\":true,\"valueName\":\"search_term_string\"}}],\"inLanguage\":\"fr-FR\"},{\"@type\":\"Organization\",\"@id\":\"https:\/\/atelierduvegetal.fr\/fr\/#organization\",\"name\":\"Atelier du v\u00e9g\u00e9tal\",\"url\":\"https:\/\/atelierduvegetal.fr\/fr\/\",\"logo\":{\"@type\":\"ImageObject\",\"inLanguage\":\"fr-FR\",\"@id\":\"https:\/\/atelierduvegetal.fr\/fr\/#\/schema\/logo\/image\/\",\"url\":\"https:\/\/atelierduvegetal.fr\/fr\/wp-content\/uploads\/2025\/10\/LOGO_BLEU.svg\",\"contentUrl\":\"https:\/\/atelierduvegetal.fr\/fr\/wp-content\/uploads\/2025\/10\/LOGO_BLEU.svg\",\"width\":88,\"height\":53,\"caption\":\"Atelier du v\u00e9g\u00e9tal\"},\"image\":{\"@id\":\"https:\/\/atelierduvegetal.fr\/fr\/#\/schema\/logo\/image\/\"}}]}<\/script>\n<!-- \/ Yoast SEO plugin. -->","yoast_head_json":{"title":"Nous contacter - Atelier du v\u00e9g\u00e9tal","robots":{"index":"index","follow":"follow","max-snippet":"max-snippet:-1","max-image-preview":"max-image-preview:large","max-video-preview":"max-video-preview:-1"},"canonical":"https:\/\/atelierduvegetal.fr\/fr\/nous-contacter\/","og_locale":"fr_FR","og_type":"article","og_title":"Nous contacter - Atelier du v\u00e9g\u00e9tal","og_description":"atelier du v\u00e9g\u00e9tal Nous contacter","og_url":"https:\/\/atelierduvegetal.fr\/fr\/nous-contacter\/","og_site_name":"Atelier du v\u00e9g\u00e9tal","article_modified_time":"2026-01-05T07:04:20+00:00","twitter_card":"summary_large_image","twitter_misc":{"Dur\u00e9e de lecture estim\u00e9e":"1 minute"},"schema":{"@context":"https:\/\/schema.org","@graph":[{"@type":"WebPage","@id":"https:\/\/atelierduvegetal.fr\/fr\/nous-contacter\/","url":"https:\/\/atelierduvegetal.fr\/fr\/nous-contacter\/","name":"Nous contacter - Atelier du v\u00e9g\u00e9tal","isPartOf":{"@id":"https:\/\/atelierduvegetal.fr\/fr\/#website"},"datePublished":"2025-10-31T16:29:18+00:00","dateModified":"2026-01-05T07:04:20+00:00","breadcrumb":{"@id":"https:\/\/atelierduvegetal.fr\/fr\/nous-contacter\/#breadcrumb"},"inLanguage":"fr-FR","potentialAction":[{"@type":"ReadAction","target":["https:\/\/atelierduvegetal.fr\/fr\/nous-contacter\/"]}]},{"@type":"BreadcrumbList","@id":"https:\/\/atelierduvegetal.fr\/fr\/nous-contacter\/#breadcrumb","itemListElement":[{"@type":"ListItem","position":1,"name":"Accueil","item":"https:\/\/atelierduvegetal.fr\/fr\/"},{"@type":"ListItem","position":2,"name":"Nous contacter"}]},{"@type":"WebSite","@id":"https:\/\/atelierduvegetal.fr\/fr\/#website","url":"https:\/\/atelierduvegetal.fr\/fr\/","name":"Atelier du v\u00e9g\u00e9tal","description":"Construire la ville de demain avec ce que l&#039;on jette aujourd&#039;hui","publisher":{"@id":"https:\/\/atelierduvegetal.fr\/fr\/#organization"},"potentialAction":[{"@type":"SearchAction","target":{"@type":"EntryPoint","urlTemplate":"https:\/\/atelierduvegetal.fr\/fr\/?s={search_term_string}"},"query-input":{"@type":"PropertyValueSpecification","valueRequired":true,"valueName":"search_term_string"}}],"inLanguage":"fr-FR"},{"@type":"Organization","@id":"https:\/\/atelierduvegetal.fr\/fr\/#organization","name":"Atelier du v\u00e9g\u00e9tal","url":"https:\/\/atelierduvegetal.fr\/fr\/","logo":{"@type":"ImageObject","inLanguage":"fr-FR","@id":"https:\/\/atelierduvegetal.fr\/fr\/#\/schema\/logo\/image\/","url":"https:\/\/atelierduvegetal.fr\/fr\/wp-content\/uploads\/2025\/10\/LOGO_BLEU.svg","contentUrl":"https:\/\/atelierduvegetal.fr\/fr\/wp-content\/uploads\/2025\/10\/LOGO_BLEU.svg","width":88,"height":53,"caption":"Atelier du v\u00e9g\u00e9tal"},"image":{"@id":"https:\/\/atelierduvegetal.fr\/fr\/#\/schema\/logo\/image\/"}}]}},"_links":{"self":[{"href":"https:\/\/atelierduvegetal.fr\/fr\/wp-json\/wp\/v2\/pages\/104","targetHints":{"allow":["GET"]}}],"collection":[{"href":"https:\/\/atelierduvegetal.fr\/fr\/wp-json\/wp\/v2\/pages"}],"about":[{"href":"https:\/\/atelierduvegetal.fr\/fr\/wp-json\/wp\/v2\/types\/page"}],"author":[{"embeddable":true,"href":"https:\/\/atelierduvegetal.fr\/fr\/wp-json\/wp\/v2\/users\/1"}],"replies":[{"embeddable":true,"href":"https:\/\/atelierduvegetal.fr\/fr\/wp-json\/wp\/v2\/comments?post=104"}],"version-history":[{"count":10,"href":"https:\/\/atelierduvegetal.fr\/fr\/wp-json\/wp\/v2\/pages\/104\/revisions"}],"predecessor-version":[{"id":442,"href":"https:\/\/atelierduvegetal.fr\/fr\/wp-json\/wp\/v2\/pages\/104\/revisions\/442"}],"wp:attachment":[{"href":"https:\/\/atelierduvegetal.fr\/fr\/wp-json\/wp\/v2\/media?parent=104"}],"curies":[{"name":"wp","href":"https:\/\/api.w.org\/{rel}","templated":true}]}}